{"id":146,"date":"2020-02-11T21:53:01","date_gmt":"2020-02-11T20:53:01","guid":{"rendered":"http:\/\/lepinceauquicourt.be\/?page_id=146"},"modified":"2026-03-10T09:38:25","modified_gmt":"2026-03-10T08:38:25","slug":"informations","status":"publish","type":"page","link":"https:\/\/lepinceauquicourt.be\/index.php\/informations\/","title":{"rendered":"Informations"},"content":{"rendered":"\n<figure class=\"wp-block-image alignfull\"><img loading=\"lazy\" decoding=\"async\" width=\"1000\" height=\"200\" src=\"http:\/\/lepinceauquicourt.be\/wp-content\/uploads\/2020\/02\/cadre-orange-informations-2-site.jpg\" alt=\"\" class=\"wp-image-150\" srcset=\"https:\/\/lepinceauquicourt.be\/wp-content\/uploads\/2020\/02\/cadre-orange-informations-2-site.jpg 1000w, https:\/\/lepinceauquicourt.be\/wp-content\/uploads\/2020\/02\/cadre-orange-informations-2-site-300x60.jpg 300w, https:\/\/lepinceauquicourt.be\/wp-content\/uploads\/2020\/02\/cadre-orange-informations-2-site-768x154.jpg 768w\" sizes=\"(max-width: 1000px) 100vw, 1000px\" \/><\/figure>\n\n\n\n<p class=\"has-pale-cyan-blue-background-color has-background\">Beaucoup d&rsquo;autres informations se trouvent dans notre r\u00e8glement d&rsquo;ordre int\u00e9rieur.<br><a href=\"http:\/\/lepinceauquicourt.be\/index.php\/roi\/\">Cliquez ici pour vous y rendre directement :<\/a> <\/p>\n\n\n\n<p class=\"has-contrast-color has-base-3-background-color has-text-color has-background has-link-color wp-elements-db4315f286e03ff313d81b64cb2a203e\" style=\"font-size:-5px\">Nos stages se d\u00e9roulent \u00e0 l\u2019Institut Saint-Joseph, <br>rue des Remparts 45 \u00e0 Bastogne.<br><br>Les activit\u00e9s se d\u00e9roulent de 9h00 \u00e0 16h00.<br>Garderie gratuite du lundi au vendredi de 8h00 \u00e0 9h00<br>et du lundi au jeudi de 16h00 \u00e0 17h00.<br>Les stages se terminent le vendredi \u00e0 16h00.<br><br>Votre enfant doit se munir d\u2019un pique-nique, boissons et d\u2019une tenue de sport.<br><br>Pour les plus petits, un service de siestes sera possible sur demande.<br>(Sous r\u00e9serve d\u2019un nombre suffisant d\u2019enfants).<br>Pr\u00e9voir une petite couverture, un oreiller et \u00e9ventuellement le \u00ab doudou \u00bb.<br> <br>Photos et vid\u00e9os des activit\u00e9s du jour sont disponibles uniquement sur notre site (sous l&rsquo;onglet correspondant au stage de votre enfant) tous les jours apr\u00e8s 17h30.<br>Attention, toutes les photos et vid\u00e9os seront supprim\u00e9es du site \u00e0 la fin des vacances d&rsquo;\u00e9t\u00e9.<br>Si vous souhaitez que la photo de votre enfant ne soit pas publi\u00e9e, vous devez le stipuler lors de l\u2019inscription.<br><br><strong>Par stage, nous avons 2 groupes<\/strong>, les <mark style=\"background-color:rgba(0, 0, 0, 0);color:#b82e96\" class=\"has-inline-color\">\u00ab\u00a0<strong>Petits<\/strong>\u00ab\u00a0<\/mark> (= maternelles) et les <mark style=\"background-color:rgba(0, 0, 0, 0)\" class=\"has-inline-color has-accent-color\">\u00ab\u00a0<strong>Enfants<\/strong>\u00ab\u00a0<\/mark> (= primaires).<br>&#8211; Le groupe 3 \u00e0 5 ans des \u00ab\u00a0petits\u00a0\u00bb est accessible uniquement aux enfants en \u00e2ge de scolarit\u00e9 maternelle <em><strong><mark style=\"background-color:rgba(0, 0, 0, 0);color:#bd39e4\" class=\"has-inline-color\">(n\u00e9s en 2021 et apr\u00e8s).<\/mark><\/strong><\/em><br>&#8211; Le groupe des 6-12 ans des <strong>\u00ab\u00a0enfants\u00a0\u00bb <\/strong>est accessible aux enfants ayant termin\u00e9 leur scolarit\u00e9 en maternelle en juillet <em><strong><mark style=\"background-color:rgba(0, 0, 0, 0)\" class=\"has-inline-color has-accent-color\">(n\u00e9s en 2020 et avant)<\/mark><mark style=\"background-color:rgba(0, 0, 0, 0);color:#bd39e4\" class=\"has-inline-color\">.<\/mark><\/strong><\/em>. Ce groupe est divis\u00e9 en plusieurs sous-groupes, les enfants sont r\u00e9partis en fonction de leurs \u00e2ges.<br><em>\u00c0 titre d&rsquo;exemple : 6-7 ans \/ 7-8 ans \/ 8-9 ans \/ 10 \u00e0 12 ans (ceci d\u00e9pend \u00e9videmment de l&rsquo;\u00e2ge des futurs stagiaires).<\/em><br><br>Possibilit\u00e9 de s&rsquo;inscrire \u00e0 deux stages diff\u00e9rents.<br>\u00c0 savoir que pour les 6-12 ans, le stage 2 et le stage 3 sont pratiquement les m\u00eames.<br>&#8211; Pour les <strong>6-12 ans <\/strong>:<br><strong>Uniquement possibilit\u00e9 de s&rsquo;inscrire au stage 1 et 2<\/strong> ou <strong>au stage 1 et 3.<\/strong> <br>&#8211; Pour l<strong>es 3-5 ans<\/strong> combinaison de <strong>n&rsquo;importe quel(s) stage(s).<\/strong><br><br>Le prix des stages est fix\u00e9 \u00e0 120 euros payable d\u00e8s confirmation de l\u2019inscription.<br>R\u00e9duction de 10 euros pour le 2\u00e8me enfant (de la m\u00eame famille) dans le m\u00eame stage.<br><br><strong>Attestations\u00a0:<\/strong>\u00a0<br>Nous d\u00e9livrerons une attestation pour les mutuelles uniquement aux enfants qui ont r\u00e9alis\u00e9 un stage complet et pour qui nous aurons re\u00e7u le document\u00a0le premier jour du stage.<br><mark style=\"background-color:rgba(0, 0, 0, 0);color:#f90808\" class=\"has-inline-color\">Notre statut ne nous permet pas de d\u00e9livrer d\u2019attestation fiscale.<\/mark><br><strong><mark style=\"background-color:rgba(0, 0, 0, 0);color:#f60404\" class=\"has-inline-color\">Aucune attestation ne sera d\u00e9livr\u00e9e apr\u00e8s le stage.<\/mark><\/strong><\/p>\n","protected":false},"excerpt":{"rendered":"<p>Beaucoup d&rsquo;autres informations se trouvent dans notre r\u00e8glement d&rsquo;ordre int\u00e9rieur.Cliquez ici pour vous y rendre directement : Nos stages se d\u00e9roulent \u00e0 l\u2019Institut Saint-Joseph, rue des Remparts 45 \u00e0 Bastogne. Les activit\u00e9s se d\u00e9roulent de 9h00 \u00e0 16h00.Garderie gratuite du lundi au vendredi de 8h00 \u00e0 9h00et du lundi au jeudi de 16h00 \u00e0 17h00.Les &#8230; <a title=\"Informations\" class=\"read-more\" href=\"https:\/\/lepinceauquicourt.be\/index.php\/informations\/\" aria-label=\"En savoir plus sur Informations\">Lire la suite<\/a><\/p>\n","protected":false},"author":1,"featured_media":0,"parent":0,"menu_order":0,"comment_status":"closed","ping_status":"closed","template":"","meta":{"footnotes":""},"_links":{"self":[{"href":"https:\/\/lepinceauquicourt.be\/index.php\/wp-json\/wp\/v2\/pages\/146"}],"collection":[{"href":"https:\/\/lepinceauquicourt.be\/index.php\/wp-json\/wp\/v2\/pages"}],"about":[{"href":"https:\/\/lepinceauquicourt.be\/index.php\/wp-json\/wp\/v2\/types\/page"}],"author":[{"embeddable":true,"href":"https:\/\/lepinceauquicourt.be\/index.php\/wp-json\/wp\/v2\/users\/1"}],"replies":[{"embeddable":true,"href":"https:\/\/lepinceauquicourt.be\/index.php\/wp-json\/wp\/v2\/comments?post=146"}],"version-history":[{"count":58,"href":"https:\/\/lepinceauquicourt.be\/index.php\/wp-json\/wp\/v2\/pages\/146\/revisions"}],"predecessor-version":[{"id":3639,"href":"https:\/\/lepinceauquicourt.be\/index.php\/wp-json\/wp\/v2\/pages\/146\/revisions\/3639"}],"wp:attachment":[{"href":"https:\/\/lepinceauquicourt.be\/index.php\/wp-json\/wp\/v2\/media?parent=146"}],"curies":[{"name":"wp","href":"https:\/\/api.w.org\/{rel}","templated":true}]}}