{"id":17,"date":"2020-02-10T12:21:20","date_gmt":"2020-02-10T11:21:20","guid":{"rendered":"http:\/\/lepinceauquicourt.be\/?page_id=17"},"modified":"2026-03-10T09:37:39","modified_gmt":"2026-03-10T08:37:39","slug":"le-pinceau-qui-court-2020","status":"publish","type":"page","link":"https:\/\/lepinceauquicourt.be\/","title":{"rendered":"Accueil."},"content":{"rendered":"\n<figure class=\"wp-block-image alignfull size-full\"><img loading=\"lazy\" decoding=\"async\" width=\"1000\" height=\"200\" src=\"http:\/\/lepinceauquicourt.be\/wp-content\/uploads\/2022\/01\/cadre-orange-Pinceau-qui-Court-site.jpg\" alt=\"\" class=\"wp-image-2364\" srcset=\"https:\/\/lepinceauquicourt.be\/wp-content\/uploads\/2022\/01\/cadre-orange-Pinceau-qui-Court-site.jpg 1000w, https:\/\/lepinceauquicourt.be\/wp-content\/uploads\/2022\/01\/cadre-orange-Pinceau-qui-Court-site-300x60.jpg 300w, https:\/\/lepinceauquicourt.be\/wp-content\/uploads\/2022\/01\/cadre-orange-Pinceau-qui-Court-site-768x154.jpg 768w\" sizes=\"(max-width: 1000px) 100vw, 1000px\" \/><\/figure>\n\n\n\n<figure class=\"wp-block-image alignfull size-large\"><img loading=\"lazy\" decoding=\"async\" width=\"832\" height=\"1024\" src=\"http:\/\/lepinceauquicourt.be\/wp-content\/uploads\/2026\/03\/affiche-stage-3-different-copie-832x1024.jpg\" alt=\"\" class=\"wp-image-3637\" srcset=\"https:\/\/lepinceauquicourt.be\/wp-content\/uploads\/2026\/03\/affiche-stage-3-different-copie-832x1024.jpg 832w, https:\/\/lepinceauquicourt.be\/wp-content\/uploads\/2026\/03\/affiche-stage-3-different-copie-244x300.jpg 244w, https:\/\/lepinceauquicourt.be\/wp-content\/uploads\/2026\/03\/affiche-stage-3-different-copie-768x945.jpg 768w, https:\/\/lepinceauquicourt.be\/wp-content\/uploads\/2026\/03\/affiche-stage-3-different-copie-1248x1536.jpg 1248w, https:\/\/lepinceauquicourt.be\/wp-content\/uploads\/2026\/03\/affiche-stage-3-different-copie-1665x2048.jpg 1665w\" sizes=\"(max-width: 832px) 100vw, 832px\" \/><\/figure>\n\n\n\n<div class=\"wp-block-columns has-2-columns is-layout-flex wp-container-core-columns-is-layout-1 wp-block-columns-is-layout-flex\">\n<div class=\"wp-block-column is-layout-flow wp-block-column-is-layout-flow\">\n<p class=\"has-text-align-center has-small-font-size\">Pour cet \u00e9t\u00e9 , le Pinceau qui court vous propose :<br><br><strong>1. Premi\u00e8re semaine<\/strong>: un stage qui combine l&rsquo;activit\u00e9 physique et l&rsquo;expression cr\u00e9ative. Le m\u00e9lange de ces deux disciplines ravit les enfants\u00a0qui aiment faire du sport en alternant avec des activit\u00e9s artistiques<br><strong>2. Deuxi\u00e8me semaine<\/strong> un stage \u00ab\u00a0Le Pinceau se coupe en <strong>5<\/strong>\u00a0\u00bb qui allie des mati\u00e8res diverses comme; la danse (hip-hop, &#8230;) , le sport, les activit\u00e9s artistiques, une suite de d\u00e9fis sur le th\u00e8me de Koh Lanta et \u00ab\u00a0la d\u00e9couverte nature\u00a0\u00bb.<br><strong>3. Troisi\u00e8me semaine<\/strong> \u00ab\u00a0Le Pinceau se coupe en <strong>4<\/strong>\u00a0\u00bb qui allie des mati\u00e8res diverses comme; la danse (hip-hop, &#8230;) , le sport, les activit\u00e9s artistiques et une suite de d\u00e9fis sur le th\u00e8me de Koh Lanta.<br><br><strong>Cliquez <mark style=\"background-color:rgba(0, 0, 0, 0)\" class=\"has-inline-color has-accent-color\"><a href=\"http:\/\/lepinceauquicourt.be\/index.php\/informations-et-inscriptions\/\" data-type=\"page\" data-id=\"25\">ICI<\/a><\/mark> pour une inscription<\/strong>. !!! (\u00e0 partir du 14 f\u00e9vrier)<br><br>Didier Leroy est \u00e0 votre service pour tout renseignement. <br>0495\/769 535<br>Adresse mail : <a href=\"mailto:lepinceauquicourt@skynet.be\">lepinceauquicourt@skynet.be<\/a><\/p>\n<\/div>\n<\/div>\n","protected":false},"excerpt":{"rendered":"<p>Pour cet \u00e9t\u00e9 , le Pinceau qui court vous propose : 1. Premi\u00e8re semaine: un stage qui combine l&rsquo;activit\u00e9 physique et l&rsquo;expression cr\u00e9ative. Le m\u00e9lange de ces deux disciplines ravit les enfants\u00a0qui aiment faire du sport en alternant avec des activit\u00e9s artistiques2. Deuxi\u00e8me semaine un stage \u00ab\u00a0Le Pinceau se coupe en 5\u00a0\u00bb qui allie des &#8230; <a title=\"Accueil.\" class=\"read-more\" href=\"https:\/\/lepinceauquicourt.be\/\" aria-label=\"En savoir plus sur Accueil.\">Lire la suite<\/a><\/p>\n","protected":false},"author":1,"featured_media":0,"parent":0,"menu_order":0,"comment_status":"closed","ping_status":"closed","template":"","meta":{"footnotes":""},"_links":{"self":[{"href":"https:\/\/lepinceauquicourt.be\/index.php\/wp-json\/wp\/v2\/pages\/17"}],"collection":[{"href":"https:\/\/lepinceauquicourt.be\/index.php\/wp-json\/wp\/v2\/pages"}],"about":[{"href":"https:\/\/lepinceauquicourt.be\/index.php\/wp-json\/wp\/v2\/types\/page"}],"author":[{"embeddable":true,"href":"https:\/\/lepinceauquicourt.be\/index.php\/wp-json\/wp\/v2\/users\/1"}],"replies":[{"embeddable":true,"href":"https:\/\/lepinceauquicourt.be\/index.php\/wp-json\/wp\/v2\/comments?post=17"}],"version-history":[{"count":182,"href":"https:\/\/lepinceauquicourt.be\/index.php\/wp-json\/wp\/v2\/pages\/17\/revisions"}],"predecessor-version":[{"id":3646,"href":"https:\/\/lepinceauquicourt.be\/index.php\/wp-json\/wp\/v2\/pages\/17\/revisions\/3646"}],"wp:attachment":[{"href":"https:\/\/lepinceauquicourt.be\/index.php\/wp-json\/wp\/v2\/media?parent=17"}],"curies":[{"name":"wp","href":"https:\/\/api.w.org\/{rel}","templated":true}]}}