{"id":172,"date":"2020-02-11T22:26:15","date_gmt":"2020-02-11T21:26:15","guid":{"rendered":"http:\/\/lepinceauquicourt.be\/?page_id=172"},"modified":"2026-01-21T09:27:06","modified_gmt":"2026-01-21T08:27:06","slug":"pre-stage-1","status":"publish","type":"page","link":"https:\/\/lepinceauquicourt.be\/index.php\/pre-stage-1\/","title":{"rendered":"Stage 1"},"content":{"rendered":"\n<figure class=\"wp-block-image alignfull\"><img loading=\"lazy\" decoding=\"async\" width=\"1000\" height=\"200\" src=\"http:\/\/lepinceauquicourt.be\/wp-content\/uploads\/2020\/02\/cadre-orange-STAGE-1-site.jpg\" alt=\"\" class=\"wp-image-228\" srcset=\"https:\/\/lepinceauquicourt.be\/wp-content\/uploads\/2020\/02\/cadre-orange-STAGE-1-site.jpg 1000w, https:\/\/lepinceauquicourt.be\/wp-content\/uploads\/2020\/02\/cadre-orange-STAGE-1-site-300x60.jpg 300w, https:\/\/lepinceauquicourt.be\/wp-content\/uploads\/2020\/02\/cadre-orange-STAGE-1-site-768x154.jpg 768w\" sizes=\"(max-width: 1000px) 100vw, 1000px\" \/><\/figure>\n\n\n\n<div class=\"wp-block-columns has-2-columns is-layout-flex wp-container-core-columns-is-layout-1 wp-block-columns-is-layout-flex\">\n<div class=\"wp-block-column is-layout-flow wp-block-column-is-layout-flow\">\n<figure class=\"wp-block-image alignwide size-large\"><img loading=\"lazy\" decoding=\"async\" width=\"1024\" height=\"685\" src=\"http:\/\/lepinceauquicourt.be\/wp-content\/uploads\/2026\/01\/image-stage-1-pour-site-1024x685.jpg\" alt=\"\" class=\"wp-image-3568\" srcset=\"https:\/\/lepinceauquicourt.be\/wp-content\/uploads\/2026\/01\/image-stage-1-pour-site-1024x685.jpg 1024w, https:\/\/lepinceauquicourt.be\/wp-content\/uploads\/2026\/01\/image-stage-1-pour-site-300x201.jpg 300w, https:\/\/lepinceauquicourt.be\/wp-content\/uploads\/2026\/01\/image-stage-1-pour-site-768x514.jpg 768w, https:\/\/lepinceauquicourt.be\/wp-content\/uploads\/2026\/01\/image-stage-1-pour-site-1536x1028.jpg 1536w, https:\/\/lepinceauquicourt.be\/wp-content\/uploads\/2026\/01\/image-stage-1-pour-site-2048x1371.jpg 2048w\" sizes=\"(max-width: 1024px) 100vw, 1024px\" \/><\/figure>\n\n\n\n<p>Le Pinceau et ses dr\u00f4les de cr\u00e9atures<\/p>\n\n\n\n<p class=\"has-text-align-center has-contrast-color has-text-color has-background has-link-color has-small-font-size wp-elements-80f13089d97d0fbce8b26f7ebeaafad8\" style=\"background-color:#f7fc00;font-style:normal;font-weight:400\"><strong>Notre formulaire d&rsquo;inscription  sera accessible \u00e0 partir du 14 f\u00e9vrier.<\/strong><\/p>\n\n\n\n<p class=\"has-text-align-left has-contrast-color has-text-color has-background has-link-color has-small-font-size wp-elements-1a74ac1a1a93f1cc76963a6b953df9b6\" style=\"background-color:#f7fc00;font-style:normal;font-weight:400\">Si vous souhaitez des inscriptions pour plusieurs stages : <br>&#8211; Pour les <strong>6-12 ans <\/strong>:<br><strong>Uniquement possibilit\u00e9 de s&rsquo;inscrire au stage 1 et 2<\/strong> ou <strong>au stage 1 et 3.<\/strong> <br>&#8211; Pour l<strong>es 3-5 ans<\/strong> combinaison de <strong>n&rsquo;importe quel(s) stage(s).<\/strong><\/p>\n<\/div>\n\n\n\n<div class=\"wp-block-column is-layout-flow wp-block-column-is-layout-flow\">\n<p class=\"has-text-align-center has-vivid-cyan-blue-color has-luminous-vivid-amber-background-color has-text-color has-background\" style=\"font-size:17px\"><strong>Stage du 6 au 10 juillet (= stage 1)<\/strong><\/p>\n\n\n\n<p class=\"has-text-align-center has-black-color has-text-color has-background has-medium-font-size\" style=\"background-color:#6bace5\">STAGE \u00ab\u00a0Le Pinceau et ses dr\u00f4les de cr\u00e9atures\u00a0\u00bb<\/p>\n\n\n\n<p class=\"has-text-align-center\"><strong>Pour les enfants de 6 \u00e0 12 ans :<\/strong><\/p>\n\n\n\n<p class=\"has-text-align-center\">Notre formule traditionnelle : sport et art. <br>Chaque jours : du <strong>multisports<\/strong> avec des activit\u00e9s originales <br>et de <strong>l&rsquo;expression cr\u00e9ative<\/strong> avec nos enseignantes en arts <br>plastiques.<br><br>Mais \u00e9galement, jeux et challenges en \u00e9quipes de couleurs.<\/p>\n\n\n\n<p class=\"has-text-align-center\"><strong>Pour les enfants de 3 \u00e0 5 ans :<\/strong><\/p>\n\n\n\n<p class=\"has-text-align-center\">Stage pluridisciplinaire tr\u00e8s vari\u00e9 qui permet aux petits de s&rsquo;\u00e9veiller dans diff\u00e9rents domaines (calqu\u00e9 sur celui des plus grands).<\/p>\n<\/div>\n<\/div>\n\n\n\n<p class=\"has-text-align-center\" style=\"font-size:22px\"><strong>Cette page sera compl\u00e9t\u00e9e d\u00e9but juin.<\/strong><br><br>Vous pourrez y retrouver : les informations concernant le stage, les horaires, le \u00ab\u00a0mot du jour\u00a0\u00bb, les photos et vid\u00e9os, &#8230;<\/p>\n","protected":false},"excerpt":{"rendered":"<p>Le Pinceau et ses dr\u00f4les de cr\u00e9atures Notre formulaire d&rsquo;inscription sera accessible \u00e0 partir du 14 f\u00e9vrier. Si vous souhaitez des inscriptions pour plusieurs stages : &#8211; Pour les 6-12 ans :Uniquement possibilit\u00e9 de s&rsquo;inscrire au stage 1 et 2 ou au stage 1 et 3. &#8211; Pour les 3-5 ans combinaison de n&rsquo;importe quel(s) &#8230; <a title=\"Stage 1\" class=\"read-more\" href=\"https:\/\/lepinceauquicourt.be\/index.php\/pre-stage-1\/\" aria-label=\"En savoir plus sur Stage 1\">Lire la suite<\/a><\/p>\n","protected":false},"author":1,"featured_media":0,"parent":0,"menu_order":0,"comment_status":"closed","ping_status":"closed","template":"","meta":{"footnotes":""},"_links":{"self":[{"href":"https:\/\/lepinceauquicourt.be\/index.php\/wp-json\/wp\/v2\/pages\/172"}],"collection":[{"href":"https:\/\/lepinceauquicourt.be\/index.php\/wp-json\/wp\/v2\/pages"}],"about":[{"href":"https:\/\/lepinceauquicourt.be\/index.php\/wp-json\/wp\/v2\/types\/page"}],"author":[{"embeddable":true,"href":"https:\/\/lepinceauquicourt.be\/index.php\/wp-json\/wp\/v2\/users\/1"}],"replies":[{"embeddable":true,"href":"https:\/\/lepinceauquicourt.be\/index.php\/wp-json\/wp\/v2\/comments?post=172"}],"version-history":[{"count":83,"href":"https:\/\/lepinceauquicourt.be\/index.php\/wp-json\/wp\/v2\/pages\/172\/revisions"}],"predecessor-version":[{"id":3617,"href":"https:\/\/lepinceauquicourt.be\/index.php\/wp-json\/wp\/v2\/pages\/172\/revisions\/3617"}],"wp:attachment":[{"href":"https:\/\/lepinceauquicourt.be\/index.php\/wp-json\/wp\/v2\/media?parent=172"}],"curies":[{"name":"wp","href":"https:\/\/api.w.org\/{rel}","templated":true}]}}