{"id":286,"date":"2020-02-12T20:59:55","date_gmt":"2020-02-12T19:59:55","guid":{"rendered":"http:\/\/lepinceauquicourt.be\/?page_id=286"},"modified":"2026-03-10T09:45:12","modified_gmt":"2026-03-10T08:45:12","slug":"stage-3","status":"publish","type":"page","link":"https:\/\/lepinceauquicourt.be\/index.php\/stage-3\/","title":{"rendered":"Stage 3"},"content":{"rendered":"\n<figure class=\"wp-block-image alignfull\"><img loading=\"lazy\" decoding=\"async\" width=\"1000\" height=\"200\" src=\"http:\/\/lepinceauquicourt.be\/wp-content\/uploads\/2020\/02\/cadre-orange-STAGE-3-site.jpg\" alt=\"\" class=\"wp-image-289\" srcset=\"https:\/\/lepinceauquicourt.be\/wp-content\/uploads\/2020\/02\/cadre-orange-STAGE-3-site.jpg 1000w, https:\/\/lepinceauquicourt.be\/wp-content\/uploads\/2020\/02\/cadre-orange-STAGE-3-site-300x60.jpg 300w, https:\/\/lepinceauquicourt.be\/wp-content\/uploads\/2020\/02\/cadre-orange-STAGE-3-site-768x154.jpg 768w\" sizes=\"(max-width: 1000px) 100vw, 1000px\" \/><\/figure>\n\n\n\n<div class=\"wp-block-columns has-2-columns is-layout-flex wp-container-core-columns-is-layout-1 wp-block-columns-is-layout-flex\">\n<div class=\"wp-block-column is-layout-flow wp-block-column-is-layout-flow\">\n<figure class=\"wp-block-image size-large\"><img loading=\"lazy\" decoding=\"async\" width=\"1024\" height=\"1014\" src=\"http:\/\/lepinceauquicourt.be\/wp-content\/uploads\/2026\/03\/STAGE-3-different-pour-site-copie-1024x1014.jpg\" alt=\"\" class=\"wp-image-3643\" srcset=\"https:\/\/lepinceauquicourt.be\/wp-content\/uploads\/2026\/03\/STAGE-3-different-pour-site-copie-1024x1014.jpg 1024w, https:\/\/lepinceauquicourt.be\/wp-content\/uploads\/2026\/03\/STAGE-3-different-pour-site-copie-300x297.jpg 300w, https:\/\/lepinceauquicourt.be\/wp-content\/uploads\/2026\/03\/STAGE-3-different-pour-site-copie-150x150.jpg 150w, https:\/\/lepinceauquicourt.be\/wp-content\/uploads\/2026\/03\/STAGE-3-different-pour-site-copie-768x761.jpg 768w, https:\/\/lepinceauquicourt.be\/wp-content\/uploads\/2026\/03\/STAGE-3-different-pour-site-copie-1536x1521.jpg 1536w, https:\/\/lepinceauquicourt.be\/wp-content\/uploads\/2026\/03\/STAGE-3-different-pour-site-copie-2048x2028.jpg 2048w\" sizes=\"(max-width: 1024px) 100vw, 1024px\" \/><figcaption class=\"wp-element-caption\">Le pinceau se coupe en quatre.<\/figcaption><\/figure>\n\n\n\n<p class=\"has-text-align-center has-background\" style=\"background-color:#71e18d\"><strong>Notre formulaire d&rsquo;inscription  sera accessible \u00e0 partir du 14 f\u00e9vrier.<\/strong><\/p>\n\n\n\n<p class=\"has-text-align-left has-background\" style=\"background-color:#71e18d\">Si vous souhaitez des inscriptions pour plusieurs stages : <br>&#8211; Pour les <strong>6-12 ans <\/strong>:<br><strong>Uniquement possibilit\u00e9 de s&rsquo;inscrire au stage 1 et 2<\/strong> ou <strong>au stage 1 et 3.<\/strong> <br>&#8211; Pour l<strong>es 3-5 ans<\/strong> combinaison de <strong>n&rsquo;importe quel(s) stage(s).<\/strong><\/p>\n\n\n\n<p class=\"has-pale-cyan-blue-background-color has-background\"><strong>&nbsp;!!! LE MARDI 21 JUILLET&nbsp;:<\/strong>&nbsp;nous maintenons nos activit\u00e9s. Le stage est donc&nbsp;<strong>ouvert \u00e0 tous<\/strong>&nbsp;afin de fournir nos services aux enfants dont les parents travaillent (personnes travaillant au Gd-Duch\u00e9, ind\u00e9pendants, \u2026).<\/p>\n<\/div>\n\n\n\n<div class=\"wp-block-column is-layout-flow wp-block-column-is-layout-flow\">\n<p class=\"has-text-align-center has-luminous-vivid-amber-background-color has-text-color has-background has-normal-font-size\" style=\"color:#128e4e\"><strong>Stage du 20 au 24 juillet (= stage 3)<\/strong><br><\/p>\n\n\n\n<p class=\"has-text-align-center has-light-green-cyan-background-color has-background\">Th\u00e8me :<br><strong><em>Le Pinceau se coupe en quatre\u00a0\u00bb<\/em><\/strong><br><\/p>\n\n\n\n<p><strong><mark style=\"background-color:rgba(0, 0, 0, 0)\" class=\"has-inline-color has-accent-color\">Pour les enfants de 6 \u00e0 12 ans :<\/mark><\/strong><\/p>\n\n\n\n<p>Stage qui permet de faire 4 activit\u00e9s diff\u00e9rentes par jour.<\/p>\n\n\n\n<p>&#8211; De la <strong><em>Danse<\/em><\/strong> dans un atelier Modern&rsquo;jazz, Hiphop, &#8230;<\/p>\n\n\n\n<p>&#8211; De l&rsquo;<strong><em>Art&nbsp;<\/em><\/strong> dans un atelier peinture &#8230; Cr\u00e9ativit\u00e9, et techniques mixtes<\/p>\n\n\n\n<p>&#8211; Du <strong><em>Sport<\/em><\/strong> dans des activit\u00e9s multisports.<br>Cette ann\u00e9e, encore des sports originaux, &#8230; .<\/p>\n\n\n\n<p>&#8211; Des d\u00e9fis orient\u00e9s sur le th\u00e8me de <strong>Koh Lanta<\/strong>.<br>Par \u00e9quipes nos aventuriers devront apprendre \u00e0 se d\u00e9passer et \u00e0 coop\u00e9rer.<\/p>\n\n\n\n<p><strong><mark style=\"background-color:rgba(0, 0, 0, 0)\" class=\"has-inline-color has-accent-color\">Pour les enfants de 3 \u00e0 5 ans :<\/mark><\/strong><\/p>\n\n\n\n<p>Stage pluridisciplinaire tr\u00e8s vari\u00e9 qui permet aux petits de s&rsquo;\u00e9veiller dans diff\u00e9rents domaines (calqu\u00e9 sur celui des plus grands).<\/p>\n<\/div>\n<\/div>\n\n\n\n<p class=\"has-text-align-center\"><strong>Cette page sera compl\u00e9t\u00e9e prochainement.<\/strong><\/p>\n\n\n\n<p class=\"has-text-align-center\">Vous pourrez y retrouver : les informations concernant le stage, les horaires, le \u00ab\u00a0mot du jour\u00a0\u00bb, les photos et vid\u00e9os, &#8230;<\/p>\n","protected":false},"excerpt":{"rendered":"<p>Notre formulaire d&rsquo;inscription sera accessible \u00e0 partir du 14 f\u00e9vrier. Si vous souhaitez des inscriptions pour plusieurs stages : &#8211; Pour les 6-12 ans :Uniquement possibilit\u00e9 de s&rsquo;inscrire au stage 1 et 2 ou au stage 1 et 3. &#8211; Pour les 3-5 ans combinaison de n&rsquo;importe quel(s) stage(s). &nbsp;!!! LE MARDI 21 JUILLET&nbsp;:&nbsp;nous maintenons &#8230; <a title=\"Stage 3\" class=\"read-more\" href=\"https:\/\/lepinceauquicourt.be\/index.php\/stage-3\/\" aria-label=\"En savoir plus sur Stage 3\">Lire la suite<\/a><\/p>\n","protected":false},"author":1,"featured_media":0,"parent":0,"menu_order":0,"comment_status":"closed","ping_status":"closed","template":"","meta":{"footnotes":""},"_links":{"self":[{"href":"https:\/\/lepinceauquicourt.be\/index.php\/wp-json\/wp\/v2\/pages\/286"}],"collection":[{"href":"https:\/\/lepinceauquicourt.be\/index.php\/wp-json\/wp\/v2\/pages"}],"about":[{"href":"https:\/\/lepinceauquicourt.be\/index.php\/wp-json\/wp\/v2\/types\/page"}],"author":[{"embeddable":true,"href":"https:\/\/lepinceauquicourt.be\/index.php\/wp-json\/wp\/v2\/users\/1"}],"replies":[{"embeddable":true,"href":"https:\/\/lepinceauquicourt.be\/index.php\/wp-json\/wp\/v2\/comments?post=286"}],"version-history":[{"count":63,"href":"https:\/\/lepinceauquicourt.be\/index.php\/wp-json\/wp\/v2\/pages\/286\/revisions"}],"predecessor-version":[{"id":3645,"href":"https:\/\/lepinceauquicourt.be\/index.php\/wp-json\/wp\/v2\/pages\/286\/revisions\/3645"}],"wp:attachment":[{"href":"https:\/\/lepinceauquicourt.be\/index.php\/wp-json\/wp\/v2\/media?parent=286"}],"curies":[{"name":"wp","href":"https:\/\/api.w.org\/{rel}","templated":true}]}}