{"id":477,"date":"2020-03-18T12:11:07","date_gmt":"2020-03-18T11:11:07","guid":{"rendered":"http:\/\/lepinceauquicourt.be\/?page_id=477"},"modified":"2026-02-11T08:03:56","modified_gmt":"2026-02-11T07:03:56","slug":"roi","status":"publish","type":"page","link":"https:\/\/lepinceauquicourt.be\/index.php\/roi\/","title":{"rendered":"R\u00e8glement stages"},"content":{"rendered":"\n<p><\/p>\n\n\n\n<figure class=\"wp-block-image alignfull\"><img loading=\"lazy\" decoding=\"async\" width=\"1000\" height=\"200\" src=\"http:\/\/lepinceauquicourt.be\/wp-content\/uploads\/2020\/03\/ROI.jpg\" alt=\"\" class=\"wp-image-488\" srcset=\"https:\/\/lepinceauquicourt.be\/wp-content\/uploads\/2020\/03\/ROI.jpg 1000w, https:\/\/lepinceauquicourt.be\/wp-content\/uploads\/2020\/03\/ROI-300x60.jpg 300w, https:\/\/lepinceauquicourt.be\/wp-content\/uploads\/2020\/03\/ROI-768x154.jpg 768w\" sizes=\"(max-width: 1000px) 100vw, 1000px\" \/><\/figure>\n\n\n\n<p class=\"has-text-align-center has-luminous-vivid-amber-background-color has-background\">Le fait d\u2019inscrire un enfant implique le respect des conditions du pr\u00e9sent r\u00e8glement<\/p>\n\n\n\n<p class=\"has-text-align-left has-background has-pale-cyan-blue-background-color\"><strong>1. Informations pratiques\u00a0:<br><br><\/strong>&#8211; La\u00a0participation\u00a0\u00e0 toutes les activit\u00e9s organis\u00e9es est obligatoire.<br>&#8211; Merci de\u00a0respecter les horaires\u00a0et de vous r\u00e9f\u00e9rer aux informations transmises le premier jour du\u00a0<br>\u00a0\u00a0stage (qui sont \u00e9galement disponibles sur notre site, sous l\u2019onglet correspondant au stage de <br>votre\u00a0enfant).<br>&#8211; Votre enfant doit se munir\u00a0d\u2019un\u00a0pique-nique et de boissons\u00a0(id\u00e9alement de l\u2019eau dans une\u00a0gourde). <br>&#8211; Votre enfant doit avoir une\u00a0tenue de sport,\u00a0dont des \u00ab\u00a0baskets\u00a0\u00bb avec des\u00a0semelles ne laissant pas\u00a0de trace sur le sol du hall des sports. Un\u00a0tablier\u00a0(ou vieille chemise) pour les activit\u00e9s artistiques. Il\u00a0est \u00e9vident que lors des activit\u00e9s artistiques, les couleurs que nous utilisons peuvent entra\u00eener des\u00a0taches.\u00a0<br>\u00a0\u00a0Nous d\u00e9clinons toutes responsabilit\u00e9s en rapport \u00e0 de \u00ab\u00a0beaux\u00a0\u00bb v\u00eatements qui seraient tach\u00e9s.<br>&#8211; Pour les plus petits, un service de\u00a0sieste\u00a0sera possible sur demande (sous r\u00e9serve d\u2019un nombre\u00a0<br>\u00a0\u00a0suffisant d\u2019enfants).\u00a0Pr\u00e9voir une petite couverture, un oreiller et \u00e9ventuellement le \u00ab doudou \u00bb.<br>&#8211;\u00a0Garderie\u00a0gratuite du lundi au vendredi de 8h00 \u00e0 9h00 et du lundi au jeudi de 16h00 \u00e0 17h00.<br>\u00a0\u00a0Le stage se termine le vendredi \u00e0 16h00.<br>\u00a0\u00a0Les quatre premiers jours du stage, la garderie se termine \u00e0 17h00\u00a0! Apr\u00e8s cette limite horaire,\u00a0<br>\u00a0\u00a0l\u2019animatrice en charge de cette fonction n\u2019est plus responsable de votre enfant. Si vous avez un\u00a0<br>\u00a0\u00a0probl\u00e8me qui, exceptionnellement, vous emp\u00eacherait de reprendre votre enfant pour 17h00,<br>\u00a0\u00a0merci d\u2019en informer l\u2019organisateur. Si des retards r\u00e9p\u00e9t\u00e9s venaient \u00e0 survenir, l\u2019organisateur\u00a0<br>\u00a0\u00a0prendra les mesures qu\u2019il jugera n\u00e9cessaires.<br>&#8211;\u00a0Groupes d\u2019\u00e2ges\u00a0:<br>\u00a0\u00a0Il y a deux groupes\u00a0: les 3-5 ans\u00a0( = \u00eatre encore en maternelle)\u00a0et les 6-12 ans <br> (ce groupe est divis\u00e9 en plusieurs sous-groupes. Les enfants\u00a0sont donc r\u00e9partis suivant leurs \u00e2ges).<br>\u00a0\u00a0Pour \u00eatre dans le groupe des 6-12 ans, il faut avoir fini sa scolarit\u00e9 en maternelle et \/ ou ne pas \u00eatre dans le secondaire.<br><em>\u00a0\u00a0Il se peut que des enfants \u00ab\u00a0de la m\u00eame classe \u00e0 l\u2019\u00e9cole\u00a0\u00bb ne soient pas forc\u00e9ment dans le m\u00eame groupe \u00e0\u00a0notre stage. En cas de probl\u00e8me, nous pouvons, dans la mesure du possible, agir au cas par cas. Nous ne pouvons pas anticiper les groupes car ceux-ci d\u00e9pendent de l\u2019\u00e2ge des futurs stagiaires.<\/em><\/p>\n\n\n\n<p class=\"has-text-align-left has-pale-cyan-blue-background-color has-background\"><strong>2. Sant\u00e9\u00a0:<br><br><\/strong>&#8211; Pour les enfants qui pr\u00e9senteraient des probl\u00e8mes contagieux (exemples\u00a0: virus, varicelle, rougeole,\u00a0poux, \u2026), des mesures d\u2019\u00e9cartement pr\u00e9ventives peuvent \u00eatre prises. Dans ce cas pr\u00e9cis, un\u00a0remboursement de 15 euros par jour d&rsquo;absence sera rembours\u00e9.<br>&#8211; Si un enfant est malade en cours de journ\u00e9e, les parents sont avertis par t\u00e9l\u00e9phone et viendront\u00a0<br>\u00a0\u00a0\u00a0rechercher leur enfant.<br>&#8211;\u00a0Seuls les m\u00e9dicaments sur prescription m\u00e9dicale (document \u00e9crit et sign\u00e9 du responsable de\u00a0<br>\u00a0\u00a0\u00a0l\u2019enfant) seront administr\u00e9s \u00e0 votre enfant. Sans ce document \u00e9crit, seuls les soins basiques\u00a0<br>\u00a0\u00a0\u00a0seront prodigu\u00e9s \u00e0 votre enfant (d\u00e9sinfectant, pansement, cr\u00e8me solaire, apaiser piq\u00fbres insectes, \u2026).<br>&#8211;\u00a0Veillez \u00e0 mentionner les allergies\u00a0lors de l\u2019inscription au premier jour du stage.<\/p>\n\n\n\n<p class=\"has-pale-cyan-blue-background-color has-background\"><strong>3. S\u00e9curit\u00e9 :<\/strong><br>&#8211; Aucune voiture ne sera accept\u00e9e dans la cour int\u00e9rieure ni sur le chemin conduisant \u00e0 celle-ci\u00a0<br>\u00a0\u00a0\u00a0pendant le stage. \u00c0 partir de 16h30, la cour int\u00e9rieure sera ouverte aux v\u00e9hicules.<br>&#8211; \u00c0 16h00, votre enfant ne peut sortir de la cour sans \u00eatre accompagn\u00e9 par un parent ou\u00a0\u00a0\u00a0<br>\u00a0\u00a0\u00a0personne responsable (le cas opportun, pour les plus grands, une autorisation \u00e9crite sera remise le premier jour du stage pour stipuler l\u2019autonomie de l\u2019enfant \u00e0 quitter le stage seul).<br>\u00a0\u00a0\u00a0Apr\u00e8s 16h15, votre enfant sera conduit obligatoirement \u00e0 la garderie.<\/p>\n\n\n\n<p class=\"has-pale-cyan-blue-background-color has-background\"><strong>4. R\u00e8gles de savoir vivre\u00a0:<\/strong><br><br>&#8211; Les enfants devront avoir un comportement correct tant avec leurs condisciples qu\u2019avec le\u00a0<br>\u00a0\u00a0\u00a0personnel d\u2019encadrement.<br>&#8211; Les enfants devront respecter les r\u00e8gles de savoir-vivre et avoir une tenue correcte. L\u2019enfant\u00a0de\u00a0<br>\u00a0\u00a0\u00a0par son comportement ne peut porter atteinte \u00e0 l\u2019int\u00e9grit\u00e9 physique, psychologique ou morale\u00a0<br>\u00a0\u00a0\u00a0d\u2019un autre enfant ou d\u2019un membre de l\u2019\u00e9quipe d\u2019animation.<br>&#8211;\u00a0En cas de probl\u00e8me de discipline, l\u2019organisateur vous en tiendra toujours inform\u00e9. Si le\u00a0<br>\u00a0\u00a0\u00a0comportement n\u00e9gatif de votre enfant persiste, nous nous r\u00e9servons le droit de l\u2019exclure du\u00a0<br>\u00a0\u00a0\u00a0stage (un forfait de 10 euros par jour restant \u00e0 faire au stage sera rembours\u00e9).<br>&#8211; Il est d\u00e9conseill\u00e9 aux enfants de venir au stage avec des objets de valeur, des jouets, \u2026 .<br>\u00a0\u00a0\u00a0L\u2019ASBL \u00ab\u00a0Le Pinceau qui Court\u00a0\u00bb d\u00e9cline toute responsabilit\u00e9 en cas de perte ou de vol.<br>&#8211; L\u2019enfant ne peut pas venir au stage avec un GSM, tablette ou tout autre objet du m\u00eame type.<br>\u00a0\u00a0\u00a0En cas d\u2019absolue n\u00e9cessit\u00e9, le GSM sera confi\u00e9 au responsable du stage qui le\u00a0\u00a0lui restituera en fin\u00a0de journ\u00e9e.<\/p>\n\n\n\n<p class=\"has-pale-cyan-blue-background-color has-background\"><strong>5. Divers\u00a0:<br><\/strong><br><strong>Images\u00a0:<br><\/strong>Des photos et vid\u00e9os des activit\u00e9s du jour seront disponibles uniquement sur notre site (sous l&rsquo;onglet correspondant au stage de votre enfant) tous les jours apr\u00e8s 18h00.<br>Attention, toutes les photos et vid\u00e9os seront supprim\u00e9es du site \u00e0 la fin des vacances d&rsquo;\u00e9t\u00e9.<br>L\u2019inscription \u00e0 nos activit\u00e9s vaut pour accord d\u2019\u00eatre ainsi photographi\u00e9.<br>! Si vous souhaitez que la photo de votre enfant ne soit pas publi\u00e9e, vous devez le signaler par e-mail avant le d\u00e9but du stage : lepinceauquicourt@skynet.be<br><br><strong>Attestations\u00a0:<\/strong>\u00a0<br>Nous d\u00e9livrerons une attestation pour les Mutuelles uniquement aux enfants qui ont r\u00e9alis\u00e9 un stage complet et pour qui nous aurons re\u00e7u le document\u00a0le premier jour du stage.<br>Aucune attestation ne sera d\u00e9livr\u00e9e apr\u00e8s le stage.<br>Notre statut ne nous permet pas de d\u00e9livrer d\u2019attestation fiscale.<br><br><strong>6. Annulation de stage(s)\u00a0et jour(s) d&rsquo;absence:<\/strong><br><br><strong>Annulation d\u2019un stage\u00a0\u00e9manant de notre organisation :<\/strong><br>Si des causes ext\u00e9rieures \u00e0 notre volont\u00e9 ( sinistres du lieu de stage, \u00e9pid\u00e9mie ou confinement de la population, dates de vacances modifi\u00e9es, \u2026) nous obligeaient \u00e0 supprimer un stage, nous proc\u00e9derons comme suit\u00a0:<br>&#8211; Nous proposerons d\u2019autres dates de stage.<br>&#8211; Dans le cas o\u00f9 ces dates ne vous conviendraient\u00a0\u00a0pas, nous effectuerons un remboursement comme suit\u00a0: nous gardons un forfait\u00a0de 10 pourcents de la somme pay\u00e9e afin de couvrir nos frais organisationnels, administratifs, etc.<br>&#8211; Et dans le cas o\u00f9, aux nouvelles dates, le stage n\u2019atteint pas le nombre suffisant d\u2019enfants, nous rembourserons tous les inscrits de la mani\u00e8re d\u00e9taill\u00e9e ci-avant.<br>&#8211; Si pour une raison de cas de force majeure, nous ne pouvons organiser nos stages, nous vous proposerons : un remboursement de 90 % de la somme vers\u00e9e \u00e0 l&rsquo;inscription ou un \u00ab\u00a0bon \u00e0 valoir\u00a0\u00bb pour l&rsquo;ann\u00e9e suivante (de 100% de la somme vers\u00e9e initialement). <br><br>Par contre, si nous d\u00e9cidons d\u2019annuler un stage de notre propre chef (sans aucun cas de force majeure), la totalit\u00e9 de la somme pay\u00e9e vous sera rembours\u00e9e.<br><br><strong>Jour(s) d&rsquo;absence ou annulation d\u2019un stage\u00a0\u00e9manant de votre propre initiative :<\/strong><br><br>&#8211; En cas d\u00e9sistement pour un stage complet <strong>couvert par un certificat m\u00e9dical, <\/strong>nous <strong>remboursons 80 %<\/strong> de la somme pay\u00e9e \u00e0 l\u2019inscription (ceci sous forme d&rsquo;un bon \u00e0 valoir pour un autre stage). Nous gardons un forfait\u00a0de 20 pourcents de la somme pay\u00e9e afin de couvrir nos frais organisationnels, administratifs, etc\u2026 .<br><br>&#8211; Le remboursement en cas de d\u00e9sistement pour un stage complet (hors certificat m\u00e9dical) entre le 30 avril et le premier jour de stage, peut entra\u00eener des frais administratifs (50 euros).<br><br>&#8211; Par contre, <strong>le jour o\u00f9 votre enfant n\u2019est pas pr\u00e9sent au stage<\/strong> (maladie ou autre hors certificat m\u00e9dical) <strong>n&rsquo;est pas rembours\u00e9.\u00a0<\/strong>Sur pr\u00e9sentation d&rsquo;un certificat m\u00e9dical de plusieurs jours, nous produisons un bon \u00e0 valoir pour un autre stage.<br><br><strong>D\u2019autres consignes sp\u00e9cifiques aux stages et \u00e0 certaines activit\u00e9s peuvent \u00eatre \u00e9tablies par l\u2019organisateur du stage.<\/strong><\/p>\n\n\n\n<p class=\"has-luminous-vivid-amber-background-color has-background\">Tout le personnel du stage reste \u00e0 votre disposition en cas de probl\u00e8me pour aider votre enfant \u00e0 passer un excellent stage.<\/p>\n\n\n\n<p class=\"has-text-align-center has-luminous-vivid-amber-background-color has-background\"><strong><em>Le bon d\u00e9roulement et la r\u00e9ussite du stage d\u00e9pendent du respect de ces r\u00e8gles \u00e9l\u00e9mentaires.<\/em><\/strong><br><\/p>\n","protected":false},"excerpt":{"rendered":"<p>Le fait d\u2019inscrire un enfant implique le respect des conditions du pr\u00e9sent r\u00e8glement 1. Informations pratiques\u00a0: &#8211; La\u00a0participation\u00a0\u00e0 toutes les activit\u00e9s organis\u00e9es est obligatoire.&#8211; Merci de\u00a0respecter les horaires\u00a0et de vous r\u00e9f\u00e9rer aux informations transmises le premier jour du\u00a0\u00a0\u00a0stage (qui sont \u00e9galement disponibles sur notre site, sous l\u2019onglet correspondant au stage de votre\u00a0enfant).&#8211; Votre enfant doit &#8230; <a title=\"R\u00e8glement stages\" class=\"read-more\" href=\"https:\/\/lepinceauquicourt.be\/index.php\/roi\/\" aria-label=\"En savoir plus sur R\u00e8glement stages\">Lire la suite<\/a><\/p>\n","protected":false},"author":1,"featured_media":0,"parent":0,"menu_order":0,"comment_status":"closed","ping_status":"closed","template":"","meta":{"footnotes":""},"_links":{"self":[{"href":"https:\/\/lepinceauquicourt.be\/index.php\/wp-json\/wp\/v2\/pages\/477"}],"collection":[{"href":"https:\/\/lepinceauquicourt.be\/index.php\/wp-json\/wp\/v2\/pages"}],"about":[{"href":"https:\/\/lepinceauquicourt.be\/index.php\/wp-json\/wp\/v2\/types\/page"}],"author":[{"embeddable":true,"href":"https:\/\/lepinceauquicourt.be\/index.php\/wp-json\/wp\/v2\/users\/1"}],"replies":[{"embeddable":true,"href":"https:\/\/lepinceauquicourt.be\/index.php\/wp-json\/wp\/v2\/comments?post=477"}],"version-history":[{"count":77,"href":"https:\/\/lepinceauquicourt.be\/index.php\/wp-json\/wp\/v2\/pages\/477\/revisions"}],"predecessor-version":[{"id":3333,"href":"https:\/\/lepinceauquicourt.be\/index.php\/wp-json\/wp\/v2\/pages\/477\/revisions\/3333"}],"wp:attachment":[{"href":"https:\/\/lepinceauquicourt.be\/index.php\/wp-json\/wp\/v2\/media?parent=477"}],"curies":[{"name":"wp","href":"https:\/\/api.w.org\/{rel}","templated":true}]}}